{"id":67,"date":"2023-07-07T14:54:43","date_gmt":"2023-07-07T14:54:43","guid":{"rendered":"?page_id=67"},"modified":"2024-09-30T19:26:28","modified_gmt":"2024-09-30T19:26:28","slug":"cannabis-hub","status":"publish","type":"page","link":"https:\/\/www.ilios-sante.de\/de\/cannabis-hub\/","title":{"rendered":"Cannabis Hub"},"content":{"rendered":"\t\t<div data-elementor-type=\"wp-page\" data-elementor-id=\"67\" class=\"elementor elementor-67\" data-elementor-post-type=\"page\">\n\t\t\t\t\t\t\t<div class=\"elementor-element elementor-element-2c032fe1 e-con-full e-flex e-con e-parent\" data-id=\"2c032fe1\" data-element_type=\"container\" data-settings=\"{&quot;background_background&quot;:&quot;classic&quot;,&quot;content_width&quot;:&quot;full&quot;}\" data-core-v316-plus=\"true\">\n\t\t\t\t<div class=\"elementor-element elementor-element-27ca4b6 elementor-widget elementor-widget-heading\" data-id=\"27ca4b6\" data-element_type=\"widget\" data-widget_type=\"heading.default\">\n\t\t\t\t<div class=\"elementor-widget-container\">\n\t\t\t<style>\/*! elementor - v3.16.0 - 20-09-2023 *\/\n.elementor-heading-title{padding:0;margin:0;line-height:1}.elementor-widget-heading .elementor-heading-title[class*=elementor-size-]>a{color:inherit;font-size:inherit;line-height:inherit}.elementor-widget-heading .elementor-heading-title.elementor-size-small{font-size:15px}.elementor-widget-heading .elementor-heading-title.elementor-size-medium{font-size:19px}.elementor-widget-heading .elementor-heading-title.elementor-size-large{font-size:29px}.elementor-widget-heading .elementor-heading-title.elementor-size-xl{font-size:39px}.elementor-widget-heading .elementor-heading-title.elementor-size-xxl{font-size:59px}<\/style><h2 class=\"elementor-heading-title elementor-size-default\">IHR WEG IN DEN <br>DEUTSCHEN MARKT<\/h2>\t\t<\/div>\n\t\t\t\t<\/div>\n\t\t\t\t<div class=\"elementor-element elementor-element-2a109b9 elementor-widget elementor-widget-button\" data-id=\"2a109b9\" data-element_type=\"widget\" data-widget_type=\"button.default\">\n\t\t\t\t<div class=\"elementor-widget-container\">\n\t\t\t\t\t<div class=\"elementor-button-wrapper\">\n\t\t\t<a class=\"elementor-button elementor-button-link elementor-size-sm\" href=\"#anchor\">\n\t\t\t\t\t\t<span class=\"elementor-button-content-wrapper\">\n\t\t\t\t\t\t<span class=\"elementor-button-icon elementor-align-icon-right\">\n\t\t\t\t<i aria-hidden=\"true\" class=\"fas fa-arrow-right\"><\/i>\t\t\t<\/span>\n\t\t\t\t\t\t<span class=\"elementor-button-text\">Mehr erfahren<\/span>\n\t\t<\/span>\n\t\t\t\t\t<\/a>\n\t\t<\/div>\n\t\t\t\t<\/div>\n\t\t\t\t<\/div>\n\t\t\t\t<\/div>\n\t\t<div class=\"elementor-element elementor-element-6ceb1f2f e-flex e-con-boxed e-con e-parent\" data-id=\"6ceb1f2f\" data-element_type=\"container\" id=\"anchor\" data-settings=\"{&quot;background_background&quot;:&quot;classic&quot;,&quot;content_width&quot;:&quot;boxed&quot;}\" data-core-v316-plus=\"true\">\n\t\t\t\t\t<div class=\"e-con-inner\">\n\t\t<div class=\"elementor-element elementor-element-4712b34 e-flex e-con-boxed e-con e-child\" data-id=\"4712b34\" data-element_type=\"container\" data-settings=\"{&quot;content_width&quot;:&quot;boxed&quot;}\">\n\t\t\t\t\t<div class=\"e-con-inner\">\n\t\t<div class=\"elementor-element elementor-element-5cc29e38 e-con-full e-flex e-con e-child\" data-id=\"5cc29e38\" data-element_type=\"container\" data-settings=\"{&quot;content_width&quot;:&quot;full&quot;}\">\n\t\t\t\t<div class=\"elementor-element elementor-element-29da56a6 animated-slow elementor-invisible elementor-widget elementor-widget-heading\" data-id=\"29da56a6\" data-element_type=\"widget\" data-settings=\"{&quot;_animation&quot;:&quot;slideInUp&quot;,&quot;_animation_mobile&quot;:&quot;none&quot;}\" data-widget_type=\"heading.default\">\n\t\t\t\t<div class=\"elementor-widget-container\">\n\t\t\t<h2 class=\"elementor-heading-title elementor-size-default\">UNSER LEISTUNGSVERSPRECHEN<\/h2>\t\t<\/div>\n\t\t\t\t<\/div>\n\t\t\t\t<div class=\"elementor-element elementor-element-7ab7c860 animated-slow elementor-invisible elementor-widget elementor-widget-heading\" data-id=\"7ab7c860\" data-element_type=\"widget\" data-settings=\"{&quot;_animation&quot;:&quot;slideInUp&quot;,&quot;_animation_mobile&quot;:&quot;none&quot;}\" data-widget_type=\"heading.default\">\n\t\t\t\t<div class=\"elementor-widget-container\">\n\t\t\t<h2 class=\"elementor-heading-title elementor-size-default\">DER ONE-STOP-SHOP F\u00dcR CANNABIS ANBAUER<\/h2>\t\t<\/div>\n\t\t\t\t<\/div>\n\t\t\t\t<\/div>\n\t\t<div class=\"elementor-element elementor-element-d111317 e-con-full e-flex e-con e-child\" data-id=\"d111317\" data-element_type=\"container\" data-settings=\"{&quot;content_width&quot;:&quot;full&quot;}\">\n\t\t\t\t<div class=\"elementor-element elementor-element-a1c1b72 elementor-widget elementor-widget-image\" data-id=\"a1c1b72\" data-element_type=\"widget\" data-widget_type=\"image.default\">\n\t\t\t\t<div class=\"elementor-widget-container\">\n\t\t\t<style>\/*! elementor - v3.16.0 - 20-09-2023 *\/\n.elementor-widget-image{text-align:center}.elementor-widget-image a{display:inline-block}.elementor-widget-image a img[src$=\".svg\"]{width:48px}.elementor-widget-image img{vertical-align:middle;display:inline-block}<\/style>\t\t\t\t\t\t\t\t\t\t\t\t<img decoding=\"async\" loading=\"lazy\" width=\"800\" height=\"688\" src=\"https:\/\/www.ilios-sante.de\/wp-content\/uploads\/2023\/10\/Hub-1024x880.png\" class=\"attachment-large size-large wp-image-2416\" alt=\"\" srcset=\"https:\/\/www.ilios-sante.de\/wp-content\/uploads\/2023\/10\/Hub-1024x880.png 1024w, https:\/\/www.ilios-sante.de\/wp-content\/uploads\/2023\/10\/Hub-300x258.png 300w, https:\/\/www.ilios-sante.de\/wp-content\/uploads\/2023\/10\/Hub-768x660.png 768w, https:\/\/www.ilios-sante.de\/wp-content\/uploads\/2023\/10\/Hub-1536x1320.png 1536w, https:\/\/www.ilios-sante.de\/wp-content\/uploads\/2023\/10\/Hub-14x12.png 14w, https:\/\/www.ilios-sante.de\/wp-content\/uploads\/2023\/10\/Hub.png 1857w\" sizes=\"(max-width: 800px) 100vw, 800px\" \/>\t\t\t\t\t\t\t\t\t\t\t\t\t\t\t<\/div>\n\t\t\t\t<\/div>\n\t\t\t\t<\/div>\n\t\t\t\t\t<\/div>\n\t\t\t\t<\/div>\n\t\t\t\t\t<\/div>\n\t\t\t\t<\/div>\n\t\t<div class=\"elementor-element elementor-element-69c288de e-flex e-con-boxed e-con e-parent\" data-id=\"69c288de\" data-element_type=\"container\" data-settings=\"{&quot;background_background&quot;:&quot;classic&quot;,&quot;content_width&quot;:&quot;boxed&quot;}\" data-core-v316-plus=\"true\">\n\t\t\t\t\t<div class=\"e-con-inner\">\n\t\t<div class=\"elementor-element elementor-element-33d6af4 e-flex e-con-boxed e-con e-child\" data-id=\"33d6af4\" data-element_type=\"container\" data-settings=\"{&quot;content_width&quot;:&quot;boxed&quot;}\">\n\t\t\t\t\t<div class=\"e-con-inner\">\n\t\t\t\t<div class=\"elementor-element elementor-element-56086a1 animated-slow elementor-invisible elementor-widget elementor-widget-heading\" data-id=\"56086a1\" data-element_type=\"widget\" data-settings=\"{&quot;_animation&quot;:&quot;slideInUp&quot;,&quot;_animation_mobile&quot;:&quot;none&quot;}\" data-widget_type=\"heading.default\">\n\t\t\t\t<div class=\"elementor-widget-container\">\n\t\t\t<h2 class=\"elementor-heading-title elementor-size-default\">Wie es funktioniert<\/h2>\t\t<\/div>\n\t\t\t\t<\/div>\n\t\t\t\t<div class=\"elementor-element elementor-element-fa6f399 elementor-widget__width-initial elementor-widget elementor-widget-toggle\" data-id=\"fa6f399\" data-element_type=\"widget\" data-widget_type=\"toggle.default\">\n\t\t\t\t<div class=\"elementor-widget-container\">\n\t\t\t<style>\/*! elementor - v3.16.0 - 20-09-2023 *\/\n.elementor-toggle{text-align:left}.elementor-toggle .elementor-tab-title{font-weight:700;line-height:1;margin:0;padding:15px;border-bottom:1px solid #d5d8dc;cursor:pointer;outline:none}.elementor-toggle .elementor-tab-title .elementor-toggle-icon{display:inline-block;width:1em}.elementor-toggle .elementor-tab-title .elementor-toggle-icon svg{margin-inline-start:-5px;width:1em;height:1em}.elementor-toggle .elementor-tab-title .elementor-toggle-icon.elementor-toggle-icon-right{float:right;text-align:right}.elementor-toggle .elementor-tab-title .elementor-toggle-icon.elementor-toggle-icon-left{float:left;text-align:left}.elementor-toggle .elementor-tab-title .elementor-toggle-icon .elementor-toggle-icon-closed{display:block}.elementor-toggle .elementor-tab-title .elementor-toggle-icon .elementor-toggle-icon-opened{display:none}.elementor-toggle .elementor-tab-title.elementor-active{border-bottom:none}.elementor-toggle .elementor-tab-title.elementor-active .elementor-toggle-icon-closed{display:none}.elementor-toggle .elementor-tab-title.elementor-active .elementor-toggle-icon-opened{display:block}.elementor-toggle .elementor-tab-content{padding:15px;border-bottom:1px solid #d5d8dc;display:none}@media (max-width:767px){.elementor-toggle .elementor-tab-title{padding:12px}.elementor-toggle .elementor-tab-content{padding:12px 10px}}.e-con-inner>.elementor-widget-toggle,.e-con>.elementor-widget-toggle{width:var(--container-widget-width);--flex-grow:var(--container-widget-flex-grow)}<\/style>\t\t<div class=\"elementor-toggle\">\n\t\t\t\t\t\t\t<div class=\"elementor-toggle-item\">\n\t\t\t\t\t<h3 id=\"elementor-tab-title-2621\" class=\"elementor-tab-title\" data-tab=\"1\" role=\"button\" aria-controls=\"elementor-tab-content-2621\" aria-expanded=\"false\">\n\t\t\t\t\t\t\t\t\t\t\t\t<span class=\"elementor-toggle-icon elementor-toggle-icon-right\" aria-hidden=\"true\">\n\t\t\t\t\t\t\t\t\t\t\t\t\t\t\t<span class=\"elementor-toggle-icon-closed\"><i class=\"fas fa-plus\"><\/i><\/span>\n\t\t\t\t\t\t\t\t<span class=\"elementor-toggle-icon-opened\"><i class=\"elementor-toggle-icon-opened fas fa-minus\"><\/i><\/span>\n\t\t\t\t\t\t\t\t\t\t\t\t\t<\/span>\n\t\t\t\t\t\t\t\t\t\t\t\t<a class=\"elementor-toggle-title\" tabindex=\"0\">Welche Art von Diensten bieten Sie an?<\/a>\n\t\t\t\t\t<\/h3>\n\n\t\t\t\t\t<div id=\"elementor-tab-content-2621\" class=\"elementor-tab-content elementor-clearfix\" data-tab=\"1\" role=\"region\" aria-labelledby=\"elementor-tab-title-2621\"><p>Wir bieten ein umfassendes Dienstleistungspaket an, das Ihnen den Eintritt in den deutschen Markt erleichtern soll. Unser Angebot umfasst jeden Schritt des Prozesses, einschlie\u00dflich der Einfuhr Ihres GACP-Produkts, der Veredlung (falls erforderlich), der Registrierung, der Qualit\u00e4tssicherung, der Verpackung, der sicheren Lagerung, des effizienten Vertriebs und des erfolgreichen Verkaufs Ihrer Produkte in Apotheken in ganz Deutschland.<\/p><\/div>\n\t\t\t\t<\/div>\n\t\t\t\t\t\t\t<div class=\"elementor-toggle-item\">\n\t\t\t\t\t<h3 id=\"elementor-tab-title-2622\" class=\"elementor-tab-title\" data-tab=\"2\" role=\"button\" aria-controls=\"elementor-tab-content-2622\" aria-expanded=\"false\">\n\t\t\t\t\t\t\t\t\t\t\t\t<span class=\"elementor-toggle-icon elementor-toggle-icon-right\" aria-hidden=\"true\">\n\t\t\t\t\t\t\t\t\t\t\t\t\t\t\t<span class=\"elementor-toggle-icon-closed\"><i class=\"fas fa-plus\"><\/i><\/span>\n\t\t\t\t\t\t\t\t<span class=\"elementor-toggle-icon-opened\"><i class=\"elementor-toggle-icon-opened fas fa-minus\"><\/i><\/span>\n\t\t\t\t\t\t\t\t\t\t\t\t\t<\/span>\n\t\t\t\t\t\t\t\t\t\t\t\t<a class=\"elementor-toggle-title\" tabindex=\"0\">Ben\u00f6tige ich eine internationale Zertifizierung?<\/a>\n\t\t\t\t\t<\/h3>\n\n\t\t\t\t\t<div id=\"elementor-tab-content-2622\" class=\"elementor-tab-content elementor-clearfix\" data-tab=\"2\" role=\"region\" aria-labelledby=\"elementor-tab-title-2622\"><p>Um auf den deutschen Markt zu gelangen, muss Ihr Produkt in der Regel ein GMP-Verfahren (Good Manufacturing Practices) f\u00fcr seine Nachernteverfahren durchlaufen haben. Mit unserer L\u00f6sung ben\u00f6tigen Sie jedoch nur eine GACP-Zertifizierung (Good Agricultural and Collection Practices) f\u00fcr Ihr Produkt und Ihre Prozesse. Wir \u00fcbernehmen die Konvertierung und Qualit\u00e4tssicherung Ihrer Produkte und stellen sicher, dass sie den deutschen Marktvorschriften, Qualit\u00e4tsstandards und Patientenerwartungen entsprechen.<\/p><\/div>\n\t\t\t\t<\/div>\n\t\t\t\t\t\t\t<div class=\"elementor-toggle-item\">\n\t\t\t\t\t<h3 id=\"elementor-tab-title-2623\" class=\"elementor-tab-title\" data-tab=\"3\" role=\"button\" aria-controls=\"elementor-tab-content-2623\" aria-expanded=\"false\">\n\t\t\t\t\t\t\t\t\t\t\t\t<span class=\"elementor-toggle-icon elementor-toggle-icon-right\" aria-hidden=\"true\">\n\t\t\t\t\t\t\t\t\t\t\t\t\t\t\t<span class=\"elementor-toggle-icon-closed\"><i class=\"fas fa-plus\"><\/i><\/span>\n\t\t\t\t\t\t\t\t<span class=\"elementor-toggle-icon-opened\"><i class=\"elementor-toggle-icon-opened fas fa-minus\"><\/i><\/span>\n\t\t\t\t\t\t\t\t\t\t\t\t\t<\/span>\n\t\t\t\t\t\t\t\t\t\t\t\t<a class=\"elementor-toggle-title\" tabindex=\"0\">Wie lange dauert es, bis mein Produkt auf den deutschen Markt kommt?<\/a>\n\t\t\t\t\t<\/h3>\n\n\t\t\t\t\t<div id=\"elementor-tab-content-2623\" class=\"elementor-tab-content elementor-clearfix\" data-tab=\"3\" role=\"region\" aria-labelledby=\"elementor-tab-title-2623\"><p>Der Zeitrahmen f\u00fcr die Einf\u00fchrung von Cannabisbl\u00fcten auf dem deutschen Markt kann variieren und erstreckt sich in der Regel \u00fcber mehrere Monate. Dieser Prozess umfasst mehrere Schritte, darunter die Vorbereitung Ihres Produkts, damit es den strengen Qualit\u00e4tsstandards entspricht, und die Einholung der erforderlichen Zertifizierungen. Die beh\u00f6rdliche Genehmigung und die Einfuhr k\u00f6nnen zus\u00e4tzliche Zeit in Anspruch nehmen. Dar\u00fcber hinaus k\u00f6nnen der Vertrieb und der Aufbau einer Marktpr\u00e4senz den Gesamtzeitrahmen weiter beeinflussen.<\/p><p>Obwohl der Prozess oft innerhalb von etwa 3-6 Monaten abgeschlossen werden kann, ist es wichtig zu wissen, dass jeder Schritt auf dem Weg dorthin unterschiedlich lange dauern kann. Unser Team wird Sie fachkundig beraten, um die Feinheiten des deutschen Cannabismarktes effizient zu navigieren und die Einhaltung der Vorschriften und einen erfolgreichen Markteintritt sicherzustellen.<\/p><\/div>\n\t\t\t\t<\/div>\n\t\t\t\t\t\t\t<div class=\"elementor-toggle-item\">\n\t\t\t\t\t<h3 id=\"elementor-tab-title-2624\" class=\"elementor-tab-title\" data-tab=\"4\" role=\"button\" aria-controls=\"elementor-tab-content-2624\" aria-expanded=\"false\">\n\t\t\t\t\t\t\t\t\t\t\t\t<span class=\"elementor-toggle-icon elementor-toggle-icon-right\" aria-hidden=\"true\">\n\t\t\t\t\t\t\t\t\t\t\t\t\t\t\t<span class=\"elementor-toggle-icon-closed\"><i class=\"fas fa-plus\"><\/i><\/span>\n\t\t\t\t\t\t\t\t<span class=\"elementor-toggle-icon-opened\"><i class=\"elementor-toggle-icon-opened fas fa-minus\"><\/i><\/span>\n\t\t\t\t\t\t\t\t\t\t\t\t\t<\/span>\n\t\t\t\t\t\t\t\t\t\t\t\t<a class=\"elementor-toggle-title\" tabindex=\"0\">Muss ich die gesamte Dienstleistung in Anspruch nehmen oder nur einen Teil davon?<\/a>\n\t\t\t\t\t<\/h3>\n\n\t\t\t\t\t<div id=\"elementor-tab-content-2624\" class=\"elementor-tab-content elementor-clearfix\" data-tab=\"4\" role=\"region\" aria-labelledby=\"elementor-tab-title-2624\"><p>Wir bieten einen vollst\u00e4ndigen und umfassenden Weg, um die Feinheiten des deutschen Marktes erfolgreich zu meistern. Im gesamten Prozess k\u00f6nnen wir Ihre St\u00e4rken identifizieren und daran arbeiten, damit Ihr Produkt erfolgreich den deutschen Markt erreicht. Damit gesagt ist es m\u00f6glich, dass Sie nur Teile der von uns angebotenen Dienstleistungen ausw\u00e4hlen. Diese Wahl erfolgt nat\u00fcrlich nach einer individuellen Bewertung des gesamten Projekts und unter Ber\u00fccksichtigung der Machbarkeit Ihrer Ziele sowie der finanziellen und operativen Umsetzungsf\u00e4higkeit.<\/p><\/div>\n\t\t\t\t<\/div>\n\t\t\t\t\t\t\t\t<\/div>\n\t\t\t\t<\/div>\n\t\t\t\t<\/div>\n\t\t\t\t\t<\/div>\n\t\t\t\t<\/div>\n\t\t\t\t\t<\/div>\n\t\t\t\t<\/div>\n\t\t<div class=\"elementor-element elementor-element-30f00c21 e-con-full e-flex e-con e-parent\" data-id=\"30f00c21\" data-element_type=\"container\" id=\"footer\" data-settings=\"{&quot;content_width&quot;:&quot;full&quot;,&quot;background_background&quot;:&quot;gradient&quot;}\" data-core-v316-plus=\"true\">\n\t\t<div class=\"elementor-element elementor-element-731acb1 e-flex e-con-boxed e-con e-child\" data-id=\"731acb1\" data-element_type=\"container\" data-settings=\"{&quot;content_width&quot;:&quot;boxed&quot;}\">\n\t\t\t\t\t<div class=\"e-con-inner\">\n\t\t\t\t<div class=\"elementor-element elementor-element-8c4089a elementor-widget-mobile__width-inherit elementor-widget-tablet__width-initial elementor-widget elementor-widget-heading\" data-id=\"8c4089a\" data-element_type=\"widget\" data-widget_type=\"heading.default\">\n\t\t\t\t<div class=\"elementor-widget-container\">\n\t\t\t<h2 class=\"elementor-heading-title elementor-size-default\">Jetzt Cannabis Hub Service anfragen<\/h2>\t\t<\/div>\n\t\t\t\t<\/div>\n\t\t\t\t<div class=\"elementor-element elementor-element-5eb18552 elementor-widget elementor-widget-text-editor\" data-id=\"5eb18552\" data-element_type=\"widget\" data-widget_type=\"text-editor.default\">\n\t\t\t\t<div class=\"elementor-widget-container\">\n\t\t\t<style>\/*! elementor - v3.16.0 - 20-09-2023 *\/\n.elementor-widget-text-editor.elementor-drop-cap-view-stacked .elementor-drop-cap{background-color:#69727d;color:#fff}.elementor-widget-text-editor.elementor-drop-cap-view-framed .elementor-drop-cap{color:#69727d;border:3px solid;background-color:transparent}.elementor-widget-text-editor:not(.elementor-drop-cap-view-default) .elementor-drop-cap{margin-top:8px}.elementor-widget-text-editor:not(.elementor-drop-cap-view-default) .elementor-drop-cap-letter{width:1em;height:1em}.elementor-widget-text-editor .elementor-drop-cap{float:left;text-align:center;line-height:1;font-size:50px}.elementor-widget-text-editor .elementor-drop-cap-letter{display:inline-block}<\/style>\t\t\t\t<p>Bitte f\u00fcllen Sie das untenstehende Formular aus. Wir setzen uns umgehend mit Ihnen in Verbindung und stellen Ihnen weitere Informationen zur Verf\u00fcgung.<\/p>\t\t\t\t\t\t<\/div>\n\t\t\t\t<\/div>\n\t\t<div class=\"elementor-element elementor-element-0c1a250 e-flex e-con-boxed e-con e-child\" data-id=\"0c1a250\" data-element_type=\"container\" data-settings=\"{&quot;background_background&quot;:&quot;classic&quot;,&quot;content_width&quot;:&quot;boxed&quot;}\">\n\t\t\t\t\t<div class=\"e-con-inner\">\n\t\t\t\t<div class=\"elementor-element elementor-element-800d10f elementor-widget elementor-widget-html\" data-id=\"800d10f\" data-element_type=\"widget\" data-widget_type=\"html.default\">\n\t\t\t\t<div class=\"elementor-widget-container\">\n\t\t\t<script charset=\"utf-8\" type=\"text\/javascript\" src=\"\/\/js-eu1.hsforms.net\/forms\/embed\/v2.js\"><\/script>\r\n<script>\r\n  hbspt.forms.create({\r\n    region: \"eu1\",\r\n    portalId: \"27074975\",\r\n    formId: \"f565f442-3587-4c7c-9a8f-ad053ab8ec79\",\r\n    target: \"#myThirdFormContainer\", \/\/ Ziel-Element f\u00fcr das neue Formular\r\n    onFormReady: function() {\r\n      var formContainer = document.querySelector(\"#myThirdFormContainer\");\r\n      if (formContainer) {\r\n        formContainer.style.width = \"100%\"; \/\/ Breite auf 100% setzen\r\n        formContainer.style.maxWidth = \"none\"; \/\/ Maximale Breite aufheben\r\n      }\r\n    }\r\n  });\r\n<\/script>\r\n\r\n<!-- Container-Element f\u00fcr das neue Formular -->\r\n<div id=\"myThirdFormContainer\" style=\"width:100%;\"><\/div>\r\n\t\t<\/div>\n\t\t\t\t<\/div>\n\t\t\t\t\t<\/div>\n\t\t\t\t<\/div>\n\t\t\t\t\t<\/div>\n\t\t\t\t<\/div>\n\t\t\t\t<\/div>\n\t\t\t\t\t\t\t<\/div>\n\t\t","protected":false},"excerpt":{"rendered":"<p>IHR WEG IN DEN DEUTSCHEN MARKT Mehr erfahren UNSER LEISTUNGSVERSPRECHEN DER ONE-STOP-SHOP F\u00dcR CANNABIS ANBAUER Wie es funktioniert Welche Art von Diensten bieten Sie an? Wir bieten ein umfassendes Dienstleistungspaket an, das Ihnen den Eintritt in den deutschen Markt erleichtern soll. Unser Angebot umfasst jeden Schritt des Prozesses, einschlie\u00dflich der Einfuhr Ihres GACP-Produkts, der Veredlung [&hellip;]<\/p>\n","protected":false},"author":1,"featured_media":0,"parent":0,"menu_order":0,"comment_status":"closed","ping_status":"closed","template":"","meta":{"content-type":"","inline_featured_image":false,"footnotes":""},"_links":{"self":[{"href":"https:\/\/www.ilios-sante.de\/de\/wp-json\/wp\/v2\/pages\/67"}],"collection":[{"href":"https:\/\/www.ilios-sante.de\/de\/wp-json\/wp\/v2\/pages"}],"about":[{"href":"https:\/\/www.ilios-sante.de\/de\/wp-json\/wp\/v2\/types\/page"}],"author":[{"embeddable":true,"href":"https:\/\/www.ilios-sante.de\/de\/wp-json\/wp\/v2\/users\/1"}],"replies":[{"embeddable":true,"href":"https:\/\/www.ilios-sante.de\/de\/wp-json\/wp\/v2\/comments?post=67"}],"version-history":[{"count":3,"href":"https:\/\/www.ilios-sante.de\/de\/wp-json\/wp\/v2\/pages\/67\/revisions"}],"predecessor-version":[{"id":3338,"href":"https:\/\/www.ilios-sante.de\/de\/wp-json\/wp\/v2\/pages\/67\/revisions\/3338"}],"wp:attachment":[{"href":"https:\/\/www.ilios-sante.de\/de\/wp-json\/wp\/v2\/media?parent=67"}],"curies":[{"name":"wp","href":"https:\/\/api.w.org\/{rel}","templated":true}]}}