{"id":2466,"date":"2023-10-03T22:16:30","date_gmt":"2023-10-03T22:16:30","guid":{"rendered":"?page_id=2466"},"modified":"2024-02-07T15:37:12","modified_gmt":"2024-02-07T15:37:12","slug":"impressum","status":"publish","type":"page","link":"https:\/\/www.ilios-sante.de\/de\/impressum\/","title":{"rendered":"Impressum"},"content":{"rendered":"\t\t<div data-elementor-type=\"wp-page\" data-elementor-id=\"2466\" class=\"elementor elementor-2466\" data-elementor-post-type=\"page\">\n\t\t\t\t\t\t\t<div class=\"elementor-element elementor-element-bd87253 e-flex e-con-boxed e-con e-parent\" data-id=\"bd87253\" data-element_type=\"container\" data-settings=\"{&quot;content_width&quot;:&quot;boxed&quot;}\" data-core-v316-plus=\"true\">\n\t\t\t\t\t<div class=\"e-con-inner\">\n\t\t<div class=\"elementor-element elementor-element-ea518dd e-con-full e-flex e-con e-child\" data-id=\"ea518dd\" data-element_type=\"container\" data-settings=\"{&quot;content_width&quot;:&quot;full&quot;}\">\n\t\t\t\t<div class=\"elementor-element elementor-element-f0a3553 elementor-widget elementor-widget-heading\" data-id=\"f0a3553\" data-element_type=\"widget\" data-widget_type=\"heading.default\">\n\t\t\t\t<div class=\"elementor-widget-container\">\n\t\t\t<style>\/*! elementor - v3.16.0 - 20-09-2023 *\/\n.elementor-heading-title{padding:0;margin:0;line-height:1}.elementor-widget-heading .elementor-heading-title[class*=elementor-size-]>a{color:inherit;font-size:inherit;line-height:inherit}.elementor-widget-heading .elementor-heading-title.elementor-size-small{font-size:15px}.elementor-widget-heading .elementor-heading-title.elementor-size-medium{font-size:19px}.elementor-widget-heading .elementor-heading-title.elementor-size-large{font-size:29px}.elementor-widget-heading .elementor-heading-title.elementor-size-xl{font-size:39px}.elementor-widget-heading .elementor-heading-title.elementor-size-xxl{font-size:59px}<\/style><h2 class=\"elementor-heading-title elementor-size-default\">Impressum<\/h2>\t\t<\/div>\n\t\t\t\t<\/div>\n\t\t\t\t<div class=\"elementor-element elementor-element-f44bb0c elementor-widget elementor-widget-text-editor\" data-id=\"f44bb0c\" data-element_type=\"widget\" data-widget_type=\"text-editor.default\">\n\t\t\t\t<div class=\"elementor-widget-container\">\n\t\t\t<style>\/*! elementor - v3.16.0 - 20-09-2023 *\/\n.elementor-widget-text-editor.elementor-drop-cap-view-stacked .elementor-drop-cap{background-color:#69727d;color:#fff}.elementor-widget-text-editor.elementor-drop-cap-view-framed .elementor-drop-cap{color:#69727d;border:3px solid;background-color:transparent}.elementor-widget-text-editor:not(.elementor-drop-cap-view-default) .elementor-drop-cap{margin-top:8px}.elementor-widget-text-editor:not(.elementor-drop-cap-view-default) .elementor-drop-cap-letter{width:1em;height:1em}.elementor-widget-text-editor .elementor-drop-cap{float:left;text-align:center;line-height:1;font-size:50px}.elementor-widget-text-editor .elementor-drop-cap-letter{display:inline-block}<\/style>\t\t\t\t<div style=\"flex-basis: var(--flex-basis); flex-grow: var(--flex-grow); flex-shrink: var(--flex-shrink); order: var(--order); align-self: var(--align-self); flex-direction: var(--flex-direction); flex-wrap: var(--flex-wrap); justify-content: var(--justify-content); align-items: var(--align-items); align-content: var(--align-content); gap: var(--gap); --swiper-theme-color: #000; --swiper-navigation-size: 44px; --swiper-pagination-bullet-size: 6px; --swiper-pagination-bullet-horizontal-gap: 6px; width: 1166px; margin-bottom: 20px; text-align: justify; background-color: #ffffff;\" data-id=\"0fd2743\" data-element_type=\"widget\" data-widget_type=\"text-editor.default\">\n<div style=\"transition: background 0.3s, border 0.3s, border-radius 0.3s, box-shadow 0.3s, transform var(--e-transform-transition-duration, 400ms);\">\n<h6 style=\"margin: 0px 0px 20px;\"><b style=\"color: rgb(74, 74, 74); font-family: Helvetica, Arial, sans-serif; font-size: 16px;\">Angaben nach \u00a7 5 TMG:&nbsp;<br><\/b><font color=\"#4a4a4a\" face=\"Helvetica, Arial, sans-serif\">Ilios Sant\u00e9 GmbH<\/font><br><font color=\"#4a4a4a\" face=\"Helvetica, Arial, sans-serif\">Lindleystra\u00dfe 8A<br>60314, Frankfurt am Main<\/font><br><font color=\"#4a4a4a\" face=\"Helvetica, Arial, sans-serif\">Vertreten durch:<\/font><br><font color=\"#4a4a4a\" face=\"Helvetica, Arial, sans-serif\">Anna-Sophia Kouparanis<\/font><\/h6>\n<h6 style=\"color: #4a4a4a; font-family: Helvetica, Arial, sans-serif; font-size: 16px; margin: 0px 0px 20px;\"><b>Kontakt:<br><\/b>Telefon: +49 69 999 987 590<br>Fax: +49 69 154 084 572<br>E-Mail: info@ilios-sante.com<\/h6>\n<h6 style=\"color: #4a4a4a; font-family: Helvetica, Arial, sans-serif; font-size: 16px; margin: 0px 0px 20px;\"><b>Anmeldungen:<\/b><br>Amtsgericht Frankfurt am Main<br>Registernummer: HRB 116768<\/h6>\n<h6 style=\"color: #4a4a4a; font-family: Helvetica, Arial, sans-serif; font-size: 16px; margin: 0px 0px 20px;\"><b>Umsatzsteuer:<\/b><br>Umsatzsteuer-Identifikationsnummer gem\u00e4\u00df \u00a7 27a Umsatzsteuergesetz: DE326499133<\/h6>\n<h6 style=\"color: #4a4a4a; font-family: Helvetica, Arial, sans-serif; font-size: 16px; margin: 0px 0px 20px;\"><b>Aufsichtsbeh\u00f6rde:<br><\/b>Regierungspr\u00e4sidium Darmstadt<br>64283 Darmstadt<br>https:\/\/rp-darmstadt.hessen.de\/<\/h6>\n<h6 style=\"color: #4a4a4a; font-family: Helvetica, Arial, sans-serif; font-size: 16px; margin: 0px 0px 20px;\"><b>Beilegung von Streitigkeiten<\/b><br>Wir sind nicht willens oder verpflichtet, uns an einem Streitbeilegungsverfahren vor einer Schlichtungsstelle zu beteiligen.<\/h6>\n<h6 style=\"color: #4a4a4a; font-family: Helvetica, Arial, sans-serif; font-size: 16px; margin: 0px 0px 20px;\"><b>Haftungsausschluss<\/b><\/h6>\n<h6 style=\"color: #4a4a4a; font-family: Helvetica, Arial, sans-serif; font-size: 16px; margin: 0px 0px 20px;\"><b>Haftung f\u00fcr Inhalte dieser Website<\/b><br>Die Inhalte dieser Seiten wurden mit gr\u00f6\u00dfter Sorgfalt erstellt. F\u00fcr die Richtigkeit, Vollst\u00e4ndigkeit und Aktualit\u00e4t der Inhalte \u00fcbernimmt der Anbieter jedoch keine Gew\u00e4hr.<\/h6>\n<h6 style=\"color: #4a4a4a; font-family: Helvetica, Arial, sans-serif; font-size: 16px; margin: 0px 0px 20px;\">Als Dienstanbieter ist die Ilios Sant\u00e9 GmbH gem\u00e4\u00df \u00a7 6 Abs. 1 MDStV und \u00a7 8 Abs. 1 TDG f\u00fcr eigene Inhalte auf diesen Seiten nach den allgemeinen Gesetzen verantwortlich. Namentlich gekennzeichnete Beitr\u00e4ge geben die Meinung des jeweiligen Autors, aber nicht immer die Meinung des Anbieters wieder.&nbsp;<\/h6>\n<h6 style=\"color: #4a4a4a; font-family: Helvetica, Arial, sans-serif; font-size: 16px; margin: 0px 0px 20px;\"><b>Verf\u00fcgbarkeit der Website<\/b><br>Die Ilios Sant\u00e9 GmbH wird sich bem\u00fchen, den Dienst m\u00f6glichst unterbrechungsfrei zum Abruf anzubieten. Ausfallzeiten k\u00f6nnen jedoch trotz aller Sorgfalt entstehen. Der Anbieter beh\u00e4lt sich das Recht vor, sein Angebot jederzeit zu \u00e4ndern oder einzustellen.<\/h6>\n<h6 style=\"color: #4a4a4a; font-family: Helvetica, Arial, sans-serif; font-size: 16px; margin: 0px 0px 20px;\"><b>Haftung f\u00fcr Links<\/b><br>Dieses Angebot enth\u00e4lt Links zu externen Websites Dritter, auf deren Inhalte der Anbieter keinen Einfluss hat. Diese Websites unterliegen der Haftung der jeweiligen Betreiber. Die verlinkten Seiten wurden zum Zeitpunkt der Verlinkung auf m\u00f6gliche Rechtsverst\u00f6\u00dfe \u00fcberpr\u00fcft. Rechtswidrige Inhalte waren zum Zeitpunkt der Verlinkung nicht erkennbar. Eine permanente inhaltliche Kontrolle der verlinkten Seiten ist jedoch ohne konkrete Anhaltspunkte einer Rechtsverletzung nicht zumutbar. Bei Bekanntwerden von Rechtsverletzungen werden derartige Links vom Anbieter umgehend entfernt.<\/h6>\n<h6 style=\"color: #4a4a4a; font-family: Helvetica, Arial, sans-serif; font-size: 16px; margin: 0px 0px 20px;\"><b>Kein Vertragsverh\u00e4ltnis<\/b><br>Mit der Nutzung dieser Website kommt keinerlei Vertragsverh\u00e4ltnis zwischen dem Nutzer und dem Anbieter zustande. Insofern ergeben sich auch keinerlei vertragliche oder quasivertragliche Anspr\u00fcche gegen den Anbieter. Sollte die Nutzung dieser Website doch zu einem Vertragsverh\u00e4ltnis f\u00fchren, gilt rein vorsorglich nachfolgende Haftungsbeschr\u00e4nkung: Die Ilios Sant\u00e9 GmbH haftet f\u00fcr Vorsatz und grobe Fahrl\u00e4ssigkeit sowie bei Verletzung einer wesentlichen Vertragspflicht (Kardinalpflicht). Der Anbieter haftet unter Begrenzung auf Ersatz des bei Vertragsschluss vorhersehbaren vertragstypischen Schadens f\u00fcr solche Sch\u00e4den, die auf einer leicht fahrl\u00e4ssigen Verletzung von Kardinalpflichten durch ihn oder eines seiner gesetzlichen Vertreter oder Erf\u00fcllungsgehilfen beruhen. Bei leicht fahrl\u00e4ssiger Verletzung von Nebenpflichten, die keine Kardinalpflichten sind, haftet der Anbieter nicht. Die Haftung f\u00fcr Sch\u00e4den, die in den Schutzbereich einer vom Anbieter gegebenen Garantie oder Zusicherung fallen sowie die Haftung f\u00fcr Anspr\u00fcche aufgrund des Produkthaftungsgesetzes und Sch\u00e4den aus der Verletzung des Lebens, des K\u00f6rpers oder der Gesundheit, bleibt hiervon unber\u00fchrt.<\/h6>\n<h6 style=\"color: #4a4a4a; font-family: Helvetica, Arial, sans-serif; font-size: 16px; margin: 0px 0px 20px;\"><b>Urheberrecht<\/b><br>Die auf dieser Website ver\u00f6ffentlichten Inhalte und Werke sind urheberrechtlich gesch\u00fctzt. Der Anbieter dieser Website ist bem\u00fcht, stets die Urheberrechte anderer zu beachten bzw. auf selbst erstellte sowie lizenzfreie Werke zur\u00fcckzugreifen. Die durch die Seitenbetreiber erstellten Inhalte und Werke auf diesen Seiten unterliegen dem deutschen Urheberrecht. Beitr\u00e4ge Dritter sind als solche gekennzeichnet. Die Vervielf\u00e4ltigung, Bearbeitung, Verbreitung und jede Art der Verwertung au\u00dferhalb der Grenzen des Urheberrechtes bed\u00fcrfen der schriftlichen Zustimmung des jeweiligen Autors bzw. Erstellers. Downloads und Kopien dieser Website sind nur f\u00fcr den privaten, nicht kommerziellen Gebrauch gestattet.<\/h6>\n<h6 style=\"margin: 0px 0px 20px;\"><b style=\"color: #4a4a4a; font-family: Helvetica, Arial, sans-serif; font-size: 16px;\">Datenschutz<br><\/b>Durch den Besuch dieser Website k\u00f6nnen Informationen \u00fcber den Zugriff (Datum, Uhrzeit, betrachtete Seite) auf dem Server gespeichert werden. Diese Daten geh\u00f6ren nicht zu den personenbezogenen Daten, sondern sind anonymisiert. Sie werden ausschlie\u00dflich zu statistischen Zwecken ausgewertet. Eine Weitergabe an Dritte, zu kommerziellen oder nichtkommerziellen Zwecken, findet nicht statt. Des Weiteren k\u00f6nnen Daten auf dem Computer des Websitenutzers gespeichert werden. Diese Daten nennt man \u201eCookie\u201c, die dazu dienen, das Zugriffsverhalten des Nutzers zu vereinfachen. Der Nutzer hat jedoch die M\u00f6glichkeit, diese Funktion innerhalb des jeweiligen Webbrowsers zu deaktivieren. In diesem Fall kann es jedoch zu Einschr\u00e4nkungen der Bedienbarkeit dieser Website kommen. Der Anbieter weist ausdr\u00fccklich darauf hin, dass die Daten\u00fcbertragung im Internet (z.B. bei der Kommunikation per E-Mail) Sicherheitsl\u00fccken aufweisen und nicht l\u00fcckenlos vor dem Zugriff durch Dritte gesch\u00fctzt werden kann. Die Verwendung der Kontaktdaten der Anbieterkennzeichnung \u2013 insbesondere der Telefon-\/Faxnummern und E-Mail-Adressen \u2013 zur gewerblichen Werbung ist ausdr\u00fccklich nicht erw\u00fcnscht, es sei denn der Anbieter hatte zuvor seine schriftliche Einwilligung erteilt oder es besteht bereits ein gesch\u00e4ftlicher Kontakt. Der Anbieter und alle auf dieser Website genannten Personen widersprechen hiermit jeder kommerziellen Verwendung und Weitergabe Ihrer Daten.<\/h6>\n<h6 style=\"margin: 0px 0px 20px;\"><span style=\"color: #4a4a4a; font-family: Helvetica, Arial, sans-serif;\"><b>Anwendbares Recht<\/b><br><\/span>Es gilt ausschlie\u00dflich das ma\u00dfgebliche Recht der Bundesrepublik Deutschland.<\/h6>\n<\/div>\n<\/div>\t\t\t\t\t\t<\/div>\n\t\t\t\t<\/div>\n\t\t\t\t<\/div>\n\t\t\t\t\t<\/div>\n\t\t\t\t<\/div>\n\t\t\t\t\t\t\t<\/div>\n\t\t","protected":false},"excerpt":{"rendered":"<p>Impressum Angaben nach \u00a7 5 TMG:&nbsp;Ilios Sant\u00e9 GmbHLindleystra\u00dfe 8A60314, Frankfurt am MainVertreten durch:Anna-Sophia Kouparanis Kontakt:Telefon: +49 69 999 987 590Fax: +49 69 154 084 572E-Mail: info@ilios-sante.com Anmeldungen:Amtsgericht Frankfurt am MainRegisternummer: HRB 116768 Umsatzsteuer:Umsatzsteuer-Identifikationsnummer gem\u00e4\u00df \u00a7 27a Umsatzsteuergesetz: DE326499133 Aufsichtsbeh\u00f6rde:Regierungspr\u00e4sidium Darmstadt64283 Darmstadthttps:\/\/rp-darmstadt.hessen.de\/ Beilegung von StreitigkeitenWir sind nicht willens oder verpflichtet, uns an einem Streitbeilegungsverfahren vor einer [&hellip;]<\/p>\n","protected":false},"author":6,"featured_media":0,"parent":0,"menu_order":0,"comment_status":"closed","ping_status":"closed","template":"","meta":{"content-type":"","inline_featured_image":false,"footnotes":""},"_links":{"self":[{"href":"https:\/\/www.ilios-sante.de\/de\/wp-json\/wp\/v2\/pages\/2466"}],"collection":[{"href":"https:\/\/www.ilios-sante.de\/de\/wp-json\/wp\/v2\/pages"}],"about":[{"href":"https:\/\/www.ilios-sante.de\/de\/wp-json\/wp\/v2\/types\/page"}],"author":[{"embeddable":true,"href":"https:\/\/www.ilios-sante.de\/de\/wp-json\/wp\/v2\/users\/6"}],"replies":[{"embeddable":true,"href":"https:\/\/www.ilios-sante.de\/de\/wp-json\/wp\/v2\/comments?post=2466"}],"version-history":[{"count":3,"href":"https:\/\/www.ilios-sante.de\/de\/wp-json\/wp\/v2\/pages\/2466\/revisions"}],"predecessor-version":[{"id":3089,"href":"https:\/\/www.ilios-sante.de\/de\/wp-json\/wp\/v2\/pages\/2466\/revisions\/3089"}],"wp:attachment":[{"href":"https:\/\/www.ilios-sante.de\/de\/wp-json\/wp\/v2\/media?parent=2466"}],"curies":[{"name":"wp","href":"https:\/\/api.w.org\/{rel}","templated":true}]}}